{"id":2085,"date":"2023-02-06T11:17:24","date_gmt":"2023-02-06T11:17:24","guid":{"rendered":"https:\/\/www.dartanja.com\/experiencias\/"},"modified":"2023-09-27T11:51:09","modified_gmt":"2023-09-27T11:51:09","slug":"experiencias","status":"publish","type":"page","link":"https:\/\/www.dartanja.com\/es\/experiencias\/","title":{"rendered":"EXPERIENCIAS"},"content":{"rendered":"\t\t<div data-elementor-type=\"wp-page\" data-elementor-id=\"2085\" class=\"elementor elementor-2085 elementor-24\" data-elementor-post-type=\"page\">\n\t\t\t\t\t\t<section class=\"elementor-section elementor-top-section elementor-element elementor-element-f9d1d75 elementor-section-boxed elementor-section-height-default elementor-section-height-default\" data-id=\"f9d1d75\" data-element_type=\"section\" data-settings=\"{&quot;background_background&quot;:&quot;classic&quot;}\">\n\t\t\t\t\t\t<div class=\"elementor-container elementor-column-gap-default\">\n\t\t\t\t\t<div class=\"elementor-column elementor-col-100 elementor-top-column elementor-element elementor-element-98b6822\" data-id=\"98b6822\" data-element_type=\"column\">\n\t\t\t<div class=\"elementor-widget-wrap elementor-element-populated\">\n\t\t\t\t\t\t<section class=\"elementor-section elementor-inner-section elementor-element elementor-element-fc5ca7b elementor-section-boxed elementor-section-height-default elementor-section-height-default\" data-id=\"fc5ca7b\" data-element_type=\"section\">\n\t\t\t\t\t\t<div class=\"elementor-container elementor-column-gap-default\">\n\t\t\t\t\t<div class=\"elementor-column elementor-col-50 elementor-inner-column elementor-element elementor-element-6ceb625\" data-id=\"6ceb625\" data-element_type=\"column\" data-settings=\"{&quot;background_background&quot;:&quot;classic&quot;}\">\n\t\t\t<div class=\"elementor-widget-wrap elementor-element-populated\">\n\t\t\t\t\t\t<div class=\"elementor-element elementor-element-ba56bab elementor-widget elementor-widget-image\" data-id=\"ba56bab\" data-element_type=\"widget\" data-widget_type=\"image.default\">\n\t\t\t\t<div class=\"elementor-widget-container\">\n\t\t\t\t\t\t\t\t\t\t\t\t\t\t\t\t<a href=\"https:\/\/www.dartanja.com\/category\/evenements\/\">\n\t\t\t\t\t\t\t<img fetchpriority=\"high\" decoding=\"async\" width=\"346\" height=\"318\" src=\"https:\/\/www.dartanja.com\/wp-content\/uploads\/2023\/09\/Eventos.png\" class=\"attachment-full size-full wp-image-2097\" alt=\"\" srcset=\"https:\/\/www.dartanja.com\/wp-content\/uploads\/2023\/09\/Eventos.png 346w, https:\/\/www.dartanja.com\/wp-content\/uploads\/2023\/09\/Eventos-300x276.png 300w\" sizes=\"(max-width: 346px) 100vw, 346px\" \/>\t\t\t\t\t\t\t\t<\/a>\n\t\t\t\t\t\t\t\t\t\t\t\t\t\t\t<\/div>\n\t\t\t\t<\/div>\n\t\t\t\t<div class=\"elementor-element elementor-element-85401db elementor-widget elementor-widget-image\" data-id=\"85401db\" data-element_type=\"widget\" data-widget_type=\"image.default\">\n\t\t\t\t<div class=\"elementor-widget-container\">\n\t\t\t\t\t\t\t\t\t\t\t\t\t\t\t\t<a href=\"https:\/\/www.dartanja.com\/category\/bien-etre\/\">\n\t\t\t\t\t\t\t<img decoding=\"async\" width=\"346\" height=\"318\" src=\"https:\/\/www.dartanja.com\/wp-content\/uploads\/2023\/09\/Bienestar.png\" class=\"attachment-full size-full wp-image-2093\" alt=\"\" srcset=\"https:\/\/www.dartanja.com\/wp-content\/uploads\/2023\/09\/Bienestar.png 346w, https:\/\/www.dartanja.com\/wp-content\/uploads\/2023\/09\/Bienestar-300x276.png 300w\" sizes=\"(max-width: 346px) 100vw, 346px\" \/>\t\t\t\t\t\t\t\t<\/a>\n\t\t\t\t\t\t\t\t\t\t\t\t\t\t\t<\/div>\n\t\t\t\t<\/div>\n\t\t\t\t\t<\/div>\n\t\t<\/div>\n\t\t\t\t<div class=\"elementor-column elementor-col-50 elementor-inner-column elementor-element elementor-element-2d85ea4\" data-id=\"2d85ea4\" data-element_type=\"column\">\n\t\t\t<div class=\"elementor-widget-wrap elementor-element-populated\">\n\t\t\t\t\t\t<div class=\"elementor-element elementor-element-b8516fb elementor-widget elementor-widget-heading\" data-id=\"b8516fb\" data-element_type=\"widget\" data-widget_type=\"heading.default\">\n\t\t\t\t<div class=\"elementor-widget-container\">\n\t\t\t\t\t<h2 class=\"elementor-heading-title elementor-size-default\">UNA PALETA DE EXPERIENCIAS<\/h2>\t\t\t\t<\/div>\n\t\t\t\t<\/div>\n\t\t\t\t<div class=\"elementor-element elementor-element-24cc66d elementor-widget elementor-widget-text-editor\" data-id=\"24cc66d\" data-element_type=\"widget\" data-widget_type=\"text-editor.default\">\n\t\t\t\t<div class=\"elementor-widget-container\">\n\t\t\t\t\t\t\t\t\t<p>Dar Tanja es tambi\u00e9n una experiencia de bienestar basada en la tradici\u00f3n ancestral del hammam y el modelado, donde podr\u00e1 entregarse a los rituales de anta\u00f1o, realizados por personal cualificado con productos 100% naturales, para disfrutar de un momento especial con muchas virtudes. Vous pouvez d\u00e9cider de vous y rendre seul ou en couple. Despu\u00e9s, disfrute de los beneficios de un masaje tradicional a base de aceites esenciales y hierbas arom\u00e1ticas, que le ayudar\u00e1 a relajarse y desconectar. Si le gusta el deporte y la actividad, la piscina est\u00e1 abierta todo el a\u00f1o. La zona de fitness, situada en el nivel del jard\u00edn, dispone de diversos equipos de uso gratuito, como una bicicleta, aparatos de musculaci\u00f3n, una cinta para correr, etc. Tambi\u00e9n hay juegos al aire libre (tenis de mesa, b\u00e1dminton, petanca, juegos de pelota, etc.).<\/p>\n\t\t\t\t\t\t\t\t<\/div>\n\t\t\t\t<\/div>\n\t\t\t\t\t<\/div>\n\t\t<\/div>\n\t\t\t\t\t<\/div>\n\t\t<\/section>\n\t\t\t\t\t<\/div>\n\t\t<\/div>\n\t\t\t\t\t<\/div>\n\t\t<\/section>\n\t\t\t\t<section class=\"elementor-section elementor-top-section elementor-element elementor-element-e154391 elementor-section-boxed elementor-section-height-default elementor-section-height-default\" data-id=\"e154391\" data-element_type=\"section\">\n\t\t\t\t\t\t<div class=\"elementor-container elementor-column-gap-default\">\n\t\t\t\t\t<div class=\"elementor-column elementor-col-100 elementor-top-column elementor-element elementor-element-b1c4190\" data-id=\"b1c4190\" data-element_type=\"column\">\n\t\t\t<div class=\"elementor-widget-wrap elementor-element-populated\">\n\t\t\t\t\t\t<div class=\"elementor-element elementor-element-b13f99c elementor-align-right elementor-widget__width-auto elementor-icon-list--layout-traditional elementor-list-item-link-full_width elementor-widget elementor-widget-icon-list\" data-id=\"b13f99c\" data-element_type=\"widget\" data-widget_type=\"icon-list.default\">\n\t\t\t\t<div class=\"elementor-widget-container\">\n\t\t\t\t\t\t\t<ul class=\"elementor-icon-list-items\">\n\t\t\t\t\t\t\t<li class=\"elementor-icon-list-item\">\n\t\t\t\t\t\t\t\t\t\t\t<a href=\"https:\/\/www.dartanja.com\/es\/reserva\/\">\n\n\t\t\t\t\t\t\t\t\t\t\t\t<span class=\"elementor-icon-list-icon\">\n\t\t\t\t\t\t\t<i aria-hidden=\"true\" class=\"fas fa-arrow-right\"><\/i>\t\t\t\t\t\t<\/span>\n\t\t\t\t\t\t\t\t\t\t<span class=\"elementor-icon-list-text\">RESERVAR<\/span>\n\t\t\t\t\t\t\t\t\t\t\t<\/a>\n\t\t\t\t\t\t\t\t\t<\/li>\n\t\t\t\t\t\t<\/ul>\n\t\t\t\t\t\t<\/div>\n\t\t\t\t<\/div>\n\t\t\t\t\t<\/div>\n\t\t<\/div>\n\t\t\t\t\t<\/div>\n\t\t<\/section>\n\t\t\t\t<\/div>\n\t\t","protected":false},"excerpt":{"rendered":"<p>UNA PALETA DE EXPERIENCIAS Dar Tanja es tambi\u00e9n una experiencia de bienestar basada en la tradici\u00f3n ancestral del hammam y el modelado, donde podr\u00e1 entregarse a los rituales de anta\u00f1o, realizados por personal cualificado con productos 100% naturales, para disfrutar de un momento especial con muchas virtudes. Vous pouvez d\u00e9cider de vous y rendre seul [&hellip;]<\/p>\n","protected":false},"author":1,"featured_media":0,"parent":0,"menu_order":0,"comment_status":"closed","ping_status":"closed","template":"elementor_header_footer","meta":{"_acf_changed":false,"footnotes":""},"class_list":["post-2085","page","type-page","status-publish","hentry"],"acf":[],"_links":{"self":[{"href":"https:\/\/www.dartanja.com\/es\/wp-json\/wp\/v2\/pages\/2085","targetHints":{"allow":["GET"]}}],"collection":[{"href":"https:\/\/www.dartanja.com\/es\/wp-json\/wp\/v2\/pages"}],"about":[{"href":"https:\/\/www.dartanja.com\/es\/wp-json\/wp\/v2\/types\/page"}],"author":[{"embeddable":true,"href":"https:\/\/www.dartanja.com\/es\/wp-json\/wp\/v2\/users\/1"}],"replies":[{"embeddable":true,"href":"https:\/\/www.dartanja.com\/es\/wp-json\/wp\/v2\/comments?post=2085"}],"version-history":[{"count":17,"href":"https:\/\/www.dartanja.com\/es\/wp-json\/wp\/v2\/pages\/2085\/revisions"}],"predecessor-version":[{"id":2237,"href":"https:\/\/www.dartanja.com\/es\/wp-json\/wp\/v2\/pages\/2085\/revisions\/2237"}],"wp:attachment":[{"href":"https:\/\/www.dartanja.com\/es\/wp-json\/wp\/v2\/media?parent=2085"}],"curies":[{"name":"wp","href":"https:\/\/api.w.org\/{rel}","templated":true}]}}